{"id":5,"date":"2013-08-02T13:32:42","date_gmt":"2013-08-02T12:32:42","guid":{"rendered":"http:\/\/www.alteia.fr\/alteia\/?page_id=5"},"modified":"2020-06-10T11:00:49","modified_gmt":"2020-06-10T10:00:49","slug":"alteia","status":"publish","type":"page","link":"http:\/\/www.alteia.fr\/alteia\/","title":{"rendered":"Alt\u00e9ia"},"content":{"rendered":"\n<figure class=\"wp-block-image size-large is-style-default\"><img loading=\"lazy\" decoding=\"async\" width=\"1024\" height=\"548\" src=\"http:\/\/www.alteia.fr\/alteia\/wp-content\/uploads\/2020\/06\/Creer-Promotion-Berck-Ext-Rue-V04-1024x548.jpg\" alt=\"\" class=\"wp-image-1320\" srcset=\"http:\/\/www.alteia.fr\/alteia\/wp-content\/uploads\/2020\/06\/Creer-Promotion-Berck-Ext-Rue-V04-1024x548.jpg 1024w, http:\/\/www.alteia.fr\/alteia\/wp-content\/uploads\/2020\/06\/Creer-Promotion-Berck-Ext-Rue-V04-300x161.jpg 300w, http:\/\/www.alteia.fr\/alteia\/wp-content\/uploads\/2020\/06\/Creer-Promotion-Berck-Ext-Rue-V04-768x411.jpg 768w, http:\/\/www.alteia.fr\/alteia\/wp-content\/uploads\/2020\/06\/Creer-Promotion-Berck-Ext-Rue-V04-1536x822.jpg 1536w, http:\/\/www.alteia.fr\/alteia\/wp-content\/uploads\/2020\/06\/Creer-Promotion-Berck-Ext-Rue-V04-2048x1096.jpg 2048w, http:\/\/www.alteia.fr\/alteia\/wp-content\/uploads\/2020\/06\/Creer-Promotion-Berck-Ext-Rue-V04-250x134.jpg 250w\" sizes=\"auto, (max-width: 1024px) 100vw, 1024px\" \/><\/figure>\n\n\n\n<h2 class=\"has-text-align-center wp-block-heading\">D\u00e9couvrez le programme immobilier de logement neuf en bord de mer.<\/h2>\n\n\n\n<div class=\"wp-block-image\"><figure class=\"aligncenter size-large is-resized\"><img loading=\"lazy\" decoding=\"async\" src=\"http:\/\/www.alteia.fr\/alteia\/wp-content\/uploads\/2017\/02\/ALTEIA-1024x339.jpg\" alt=\"\" class=\"wp-image-1289\" width=\"245\" height=\"81\" srcset=\"http:\/\/www.alteia.fr\/alteia\/wp-content\/uploads\/2017\/02\/ALTEIA-1024x339.jpg 1024w, http:\/\/www.alteia.fr\/alteia\/wp-content\/uploads\/2017\/02\/ALTEIA-300x99.jpg 300w, http:\/\/www.alteia.fr\/alteia\/wp-content\/uploads\/2017\/02\/ALTEIA-768x254.jpg 768w, http:\/\/www.alteia.fr\/alteia\/wp-content\/uploads\/2017\/02\/ALTEIA-250x83.jpg 250w, http:\/\/www.alteia.fr\/alteia\/wp-content\/uploads\/2017\/02\/ALTEIA.jpg 1098w\" sizes=\"auto, (max-width: 245px) 100vw, 245px\" \/><\/figure><\/div>\n\n\n\n<p>Pour toute demande de renseignement sur ce programme&nbsp;(plans, prix, brochure,&#8230;) n&rsquo;h\u00e9sitez pas \u00e0 contacter :<\/p>\n\n\n\n<div class=\"wp-block-columns is-layout-flex wp-container-core-columns-is-layout-9d6595d7 wp-block-columns-is-layout-flex\">\n<div class=\"wp-block-column is-layout-flow wp-block-column-is-layout-flow\">\n<div class=\"wp-block-image\"><figure class=\"aligncenter size-large is-resized\"><a href=\"http:\/\/www.groupe-quartz.com\/\"><img loading=\"lazy\" decoding=\"async\" src=\"http:\/\/www.alteia.fr\/alteia\/wp-content\/uploads\/2020\/06\/LOGO-Quartz-bleu-02-1024x474.jpg\" alt=\"\" class=\"wp-image-1330\" width=\"250\" height=\"115\" srcset=\"http:\/\/www.alteia.fr\/alteia\/wp-content\/uploads\/2020\/06\/LOGO-Quartz-bleu-02-1024x474.jpg 1024w, http:\/\/www.alteia.fr\/alteia\/wp-content\/uploads\/2020\/06\/LOGO-Quartz-bleu-02-300x139.jpg 300w, http:\/\/www.alteia.fr\/alteia\/wp-content\/uploads\/2020\/06\/LOGO-Quartz-bleu-02-768x356.jpg 768w, http:\/\/www.alteia.fr\/alteia\/wp-content\/uploads\/2020\/06\/LOGO-Quartz-bleu-02-250x116.jpg 250w, http:\/\/www.alteia.fr\/alteia\/wp-content\/uploads\/2020\/06\/LOGO-Quartz-bleu-02.jpg 1067w\" sizes=\"auto, (max-width: 250px) 100vw, 250px\" \/><\/a><\/figure><\/div>\n<\/div>\n\n\n\n<div class=\"wp-block-column is-layout-flow wp-block-column-is-layout-flow\">\n<div class=\"wp-block-image\"><figure class=\"aligncenter size-large is-resized\"><a href=\"https:\/\/creerpromotion.com\/\"><img loading=\"lazy\" decoding=\"async\" src=\"http:\/\/www.alteia.fr\/alteia\/wp-content\/uploads\/2020\/06\/Logo-CREER-1024x207.jpg\" alt=\"\" class=\"wp-image-1331\" width=\"321\" height=\"64\" srcset=\"http:\/\/www.alteia.fr\/alteia\/wp-content\/uploads\/2020\/06\/Logo-CREER-1024x207.jpg 1024w, http:\/\/www.alteia.fr\/alteia\/wp-content\/uploads\/2020\/06\/Logo-CREER-300x61.jpg 300w, http:\/\/www.alteia.fr\/alteia\/wp-content\/uploads\/2020\/06\/Logo-CREER-768x155.jpg 768w, http:\/\/www.alteia.fr\/alteia\/wp-content\/uploads\/2020\/06\/Logo-CREER-250x51.jpg 250w, http:\/\/www.alteia.fr\/alteia\/wp-content\/uploads\/2020\/06\/Logo-CREER.jpg 1156w\" sizes=\"auto, (max-width: 321px) 100vw, 321px\" \/><\/a><\/figure><\/div>\n<\/div>\n<\/div>\n\n\n\n<div class=\"wp-block-columns is-layout-flex wp-container-core-columns-is-layout-9d6595d7 wp-block-columns-is-layout-flex\">\n<div class=\"wp-block-column is-layout-flow wp-block-column-is-layout-flow\">\n<p class=\"has-text-align-center\"><strong>Julie Devred &#8211; 06.20.11.52.20<\/strong><br><strong>julie.devred@groupe-quartz.com<\/strong><\/p>\n<\/div>\n\n\n\n<div class=\"wp-block-column is-layout-flow wp-block-column-is-layout-flow\">\n<p class=\"has-text-align-center\"><strong>Francine Mechin &#8211; 06.15.48.24.53<\/strong><br><strong>fmechin@creerpromotion.fr<\/strong><\/p>\n<\/div>\n<\/div>\n\n\n\n<p>A seulement 100m de la plage, la r\u00e9sidence <strong>Alt\u00e9ia<\/strong> s&rsquo;agrandit avec l&rsquo;arriv\u00e9e d&rsquo;un nouveau b\u00e2timent Avenue Saint Exup\u00e9ry.<\/p>\n\n\n\n<p>Le projet<strong> Alt\u00e9ia<\/strong> est situ\u00e9 sur un emplacement exceptionnel \u00e0 la porte de la <strong>Baie d&rsquo;Authie<\/strong> sur la partie de l&rsquo;ancien site de l&rsquo;H\u00f4pital Maritime Nord. Sa fa\u00e7ade est dans la continuit\u00e9 de la promenade du front de mer de Berck sur Mer et&nbsp;donne directement sur la plage. La r\u00e9sidence Alt\u00e9ia s&rsquo;inscrit dans un programme ambitieux de haute qualit\u00e9 architecturale.<\/p>\n\n\n\n<div class=\"wp-block-image\"><figure class=\"aligncenter size-large\"><img loading=\"lazy\" decoding=\"async\" width=\"1024\" height=\"577\" src=\"http:\/\/www.alteia.fr\/alteia\/wp-content\/uploads\/2020\/06\/vue-baie-authie_08-1024x577.jpg\" alt=\"\" class=\"wp-image-1327\" srcset=\"http:\/\/www.alteia.fr\/alteia\/wp-content\/uploads\/2020\/06\/vue-baie-authie_08-1024x577.jpg 1024w, http:\/\/www.alteia.fr\/alteia\/wp-content\/uploads\/2020\/06\/vue-baie-authie_08-300x169.jpg 300w, http:\/\/www.alteia.fr\/alteia\/wp-content\/uploads\/2020\/06\/vue-baie-authie_08-768x432.jpg 768w, http:\/\/www.alteia.fr\/alteia\/wp-content\/uploads\/2020\/06\/vue-baie-authie_08-1536x865.jpg 1536w, http:\/\/www.alteia.fr\/alteia\/wp-content\/uploads\/2020\/06\/vue-baie-authie_08-2048x1153.jpg 2048w, http:\/\/www.alteia.fr\/alteia\/wp-content\/uploads\/2020\/06\/vue-baie-authie_08-250x141.jpg 250w\" sizes=\"auto, (max-width: 1024px) 100vw, 1024px\" \/><\/figure><\/div>\n\n\n\n<figure class=\"wp-block-image size-large\"><img loading=\"lazy\" decoding=\"async\" width=\"1024\" height=\"729\" src=\"http:\/\/www.alteia.fr\/alteia\/wp-content\/uploads\/2020\/06\/PHOTO-AERIENNE-situation-1024x729.jpg\" alt=\"\" class=\"wp-image-1391\" srcset=\"http:\/\/www.alteia.fr\/alteia\/wp-content\/uploads\/2020\/06\/PHOTO-AERIENNE-situation-1024x729.jpg 1024w, http:\/\/www.alteia.fr\/alteia\/wp-content\/uploads\/2020\/06\/PHOTO-AERIENNE-situation-300x214.jpg 300w, http:\/\/www.alteia.fr\/alteia\/wp-content\/uploads\/2020\/06\/PHOTO-AERIENNE-situation-768x547.jpg 768w, http:\/\/www.alteia.fr\/alteia\/wp-content\/uploads\/2020\/06\/PHOTO-AERIENNE-situation-1536x1094.jpg 1536w, http:\/\/www.alteia.fr\/alteia\/wp-content\/uploads\/2020\/06\/PHOTO-AERIENNE-situation-2048x1458.jpg 2048w, http:\/\/www.alteia.fr\/alteia\/wp-content\/uploads\/2020\/06\/PHOTO-AERIENNE-situation-250x178.jpg 250w\" sizes=\"auto, (max-width: 1024px) 100vw, 1024px\" \/><\/figure>\n\n\n\n<div class=\"wp-block-image\"><figure class=\"aligncenter size-large\"><img loading=\"lazy\" decoding=\"async\" width=\"1024\" height=\"533\" src=\"http:\/\/www.alteia.fr\/alteia\/wp-content\/uploads\/2020\/06\/054-PLAN-MASSE-2-ind2-bat-E-1024x533.jpg\" alt=\"\" class=\"wp-image-1394\" srcset=\"http:\/\/www.alteia.fr\/alteia\/wp-content\/uploads\/2020\/06\/054-PLAN-MASSE-2-ind2-bat-E-1024x533.jpg 1024w, http:\/\/www.alteia.fr\/alteia\/wp-content\/uploads\/2020\/06\/054-PLAN-MASSE-2-ind2-bat-E-300x156.jpg 300w, http:\/\/www.alteia.fr\/alteia\/wp-content\/uploads\/2020\/06\/054-PLAN-MASSE-2-ind2-bat-E-768x400.jpg 768w, http:\/\/www.alteia.fr\/alteia\/wp-content\/uploads\/2020\/06\/054-PLAN-MASSE-2-ind2-bat-E-1536x799.jpg 1536w, http:\/\/www.alteia.fr\/alteia\/wp-content\/uploads\/2020\/06\/054-PLAN-MASSE-2-ind2-bat-E-2048x1066.jpg 2048w, http:\/\/www.alteia.fr\/alteia\/wp-content\/uploads\/2020\/06\/054-PLAN-MASSE-2-ind2-bat-E-250x130.jpg 250w\" sizes=\"auto, (max-width: 1024px) 100vw, 1024px\" \/><\/figure><\/div>\n\n\n\n<p>Les b\u00e2timents A, B et C sont d\u00e9j\u00e0 \u00e9difi\u00e9s (logements). Le b\u00e2timent D (Hotel et SPA) est en \u00e9tudes. <\/p>\n\n\n\n<ul class=\"wp-block-list\"><li>R\u00e9sidence s\u00e9curis\u00e9e avec visiophonie<\/li><li>Hall d\u00e9cor\u00e9, murs avec fa\u00efences d\u00e9coratives<\/li><li>Portes pali\u00e8res anti-effraction A2P* avec serrure 3 points<\/li><li>Placards am\u00e9nag\u00e9s (selon plans)<\/li><li>Carrelage gr\u00e8s c\u00e9rame dans les s\u00e9jours et les pi\u00e8ces humides<\/li><li>Isolation thermique par l&rsquo;ext\u00e9rieur<\/li><li>Chauffage au gaz par chaudi\u00e8re individuelle<\/li><li>Thermostat programmable<\/li><li>Menuiseries en aluminium adapt\u00e9es au bord de mer<\/li><li>Fa\u00e7ades en briques, bardage verrier et enduit<\/li><li>Balcons et terrasses avec garde-corps en verre opalin<\/li><\/ul>\n\n\n\n<h3 class=\"wp-block-heading\">Une \u00e9quipe \u00e0 votre \u00e9coute !<\/h3>\n\n\n\n<p>Nous vous offrons un suivi personnalis\u00e9, nous faisons notre maximum pour r\u00e9pondre \u00e0 l\u2019ensemble de vos demandes : personnalisation des choix, adaptation des plans, conseils\u2026<\/p>\n\n\n\n<p>Notre souplesse \u00e0 toute \u00e9preuve nous permet de r\u00e9aliser des modifications jusqu\u2019aux limites fix\u00e9es par les contraintes du chantier et la r\u00e9glementation. Nos Architectes sont \u00e0 votre disposition et \u00e0 votre \u00e9coute pour am\u00e9nager votre lieu de vie sur mesure afin qu\u2019il vous convienne parfaitement &#8211; tel un costume.<\/p>\n","protected":false},"excerpt":{"rendered":"<p>D\u00e9couvrez le programme immobilier de logement neuf en bord de mer. Pour toute demande de renseignement sur ce programme&nbsp;(plans, prix, brochure,&#8230;) n&rsquo;h\u00e9sitez pas \u00e0 contacter : Julie Devred &#8211; 06.20.11.52.20julie.devred@groupe-quartz.com &#8230;<\/p>\n","protected":false},"author":1,"featured_media":0,"parent":0,"menu_order":0,"comment_status":"closed","ping_status":"open","template":"","meta":{"footnotes":""},"class_list":["post-5","page","type-page","status-publish","hentry"],"_links":{"self":[{"href":"http:\/\/www.alteia.fr\/alteia\/wp-json\/wp\/v2\/pages\/5","targetHints":{"allow":["GET"]}}],"collection":[{"href":"http:\/\/www.alteia.fr\/alteia\/wp-json\/wp\/v2\/pages"}],"about":[{"href":"http:\/\/www.alteia.fr\/alteia\/wp-json\/wp\/v2\/types\/page"}],"author":[{"embeddable":true,"href":"http:\/\/www.alteia.fr\/alteia\/wp-json\/wp\/v2\/users\/1"}],"replies":[{"embeddable":true,"href":"http:\/\/www.alteia.fr\/alteia\/wp-json\/wp\/v2\/comments?post=5"}],"version-history":[{"count":32,"href":"http:\/\/www.alteia.fr\/alteia\/wp-json\/wp\/v2\/pages\/5\/revisions"}],"predecessor-version":[{"id":1396,"href":"http:\/\/www.alteia.fr\/alteia\/wp-json\/wp\/v2\/pages\/5\/revisions\/1396"}],"wp:attachment":[{"href":"http:\/\/www.alteia.fr\/alteia\/wp-json\/wp\/v2\/media?parent=5"}],"curies":[{"name":"wp","href":"https:\/\/api.w.org\/{rel}","templated":true}]}}