{"id":42,"date":"2013-08-02T14:09:51","date_gmt":"2013-08-02T13:09:51","guid":{"rendered":"http:\/\/www.alteia.fr\/alteia\/?page_id=42"},"modified":"2020-06-09T12:41:59","modified_gmt":"2020-06-09T11:41:59","slug":"nous-decouvrir","status":"publish","type":"page","link":"http:\/\/www.alteia.fr\/alteia\/nous-decouvrir\/","title":{"rendered":"Nous d\u00e9couvrir"},"content":{"rendered":"\n<div class=\"wp-block-group\"><div class=\"wp-block-group__inner-container is-layout-flow wp-block-group-is-layout-flow\">\n<p class=\"has-background has-very-light-gray-background-color\">Le programme Alt\u00e9ia est le fruit  d&rsquo;un travail commun des promoteurs immobiliers Groupe Quartz bas\u00e9 \u00e0 Amiens et Cr\u00e9e Promotion bas\u00e9 \u00e0 Villeneuve d&rsquo;Ascq. D\u00e9couvrez nos sites internet respectifs pour mieux nous connaitre :<\/p>\n<\/div><\/div>\n\n\n\n<p class=\"has-text-align-center\"><a href=\"http:\/\/www.groupe-quartz.com\">Visitez le site internet du Groupe Quartz<\/a><\/p>\n\n\n\n<div class=\"wp-block-image\"><figure class=\"aligncenter\"><a href=\"http:\/\/www.groupe-quartz.com\" target=\"_blank\" rel=\"noreferrer noopener\"><img decoding=\"async\" src=\"http:\/\/www.alteia.fr\/alteia\/wp-content\/uploads\/2013\/08\/Logo-Quartz-300x125.jpg\" alt=\"Groupe Quartz\"\/><\/a><\/figure><\/div>\n\n\n\n<p class=\"has-text-align-center\"><a href=\"http:\/\/www.creerpromotion.com\">Visitez le site internet de Cr\u00e9er Promotion<\/a><\/p>\n\n\n\n<div class=\"wp-block-image\"><figure class=\"aligncenter\"><a href=\"http:\/\/www.creerpromotion.com\" target=\"_blank\" rel=\"noreferrer noopener\"><img loading=\"lazy\" decoding=\"async\" width=\"300\" height=\"58\" src=\"http:\/\/www.alteia.fr\/alteia\/wp-content\/uploads\/2013\/08\/CREER-PROMOTION-300x58.jpg\" alt=\"CREER PROMOTION\" class=\"wp-image-46\" srcset=\"http:\/\/www.alteia.fr\/alteia\/wp-content\/uploads\/2013\/08\/CREER-PROMOTION-300x58.jpg 300w, http:\/\/www.alteia.fr\/alteia\/wp-content\/uploads\/2013\/08\/CREER-PROMOTION-250x48.jpg 250w, http:\/\/www.alteia.fr\/alteia\/wp-content\/uploads\/2013\/08\/CREER-PROMOTION.jpg 534w\" sizes=\"auto, (max-width: 300px) 100vw, 300px\" \/><\/a><\/figure><\/div>\n\n\n\n<p><\/p>\n","protected":false},"excerpt":{"rendered":"<p>Le programme Alt\u00e9ia est le fruit d&rsquo;un travail commun des promoteurs immobiliers Groupe Quartz bas\u00e9 \u00e0 Amiens et Cr\u00e9e Promotion bas\u00e9 \u00e0 Villeneuve d&rsquo;Ascq. D\u00e9couvrez nos sites internet respectifs pour &#8230;<\/p>\n","protected":false},"author":1,"featured_media":0,"parent":0,"menu_order":6,"comment_status":"closed","ping_status":"open","template":"","meta":{"footnotes":""},"class_list":["post-42","page","type-page","status-publish","hentry"],"_links":{"self":[{"href":"http:\/\/www.alteia.fr\/alteia\/wp-json\/wp\/v2\/pages\/42","targetHints":{"allow":["GET"]}}],"collection":[{"href":"http:\/\/www.alteia.fr\/alteia\/wp-json\/wp\/v2\/pages"}],"about":[{"href":"http:\/\/www.alteia.fr\/alteia\/wp-json\/wp\/v2\/types\/page"}],"author":[{"embeddable":true,"href":"http:\/\/www.alteia.fr\/alteia\/wp-json\/wp\/v2\/users\/1"}],"replies":[{"embeddable":true,"href":"http:\/\/www.alteia.fr\/alteia\/wp-json\/wp\/v2\/comments?post=42"}],"version-history":[{"count":5,"href":"http:\/\/www.alteia.fr\/alteia\/wp-json\/wp\/v2\/pages\/42\/revisions"}],"predecessor-version":[{"id":1325,"href":"http:\/\/www.alteia.fr\/alteia\/wp-json\/wp\/v2\/pages\/42\/revisions\/1325"}],"wp:attachment":[{"href":"http:\/\/www.alteia.fr\/alteia\/wp-json\/wp\/v2\/media?parent=42"}],"curies":[{"name":"wp","href":"https:\/\/api.w.org\/{rel}","templated":true}]}}